{"id":37,"date":"2014-10-23T05:19:23","date_gmt":"2014-10-19T21:14:20","guid":{"rendered":"http:\/\/localhost\/oxoa\/?page_id=37"},"modified":"2015-04-08T18:29:50","modified_gmt":"2015-04-08T16:29:50","slug":"these","status":"publish","type":"page","link":"https:\/\/0x0a.li\/de\/these\/","title":{"rendered":"These"},"content":{"rendered":"<p>0x0a ist ein Textkollektiv f\u00fcr Digitale Literatur, bestehend aus <a href=\"http:\/\/ggor.de\" target=\"_blank\">Gregor Weichbrodt<\/a>\u00a0und <a href=\"http:\/\/hannesbajohr.de\" target=\"_blank\">Hannes Bajohr<\/a>.<\/p>\n<p>0x0a ist der Hexcode f\u00fcr den Zeilenumbruch. Es ist ein Zeichen, das es im Analogen nicht gibt, nicht gesprochen werden kann und nur als &#8222;Steuerzeichen&#8220; existiert \u2013 und damit ideales Symbol f\u00fcr den Versuch, genuin Digitale Literatur zu produzieren. 0x0a soll ein Workshop, Labor, Schaufenster und eine Anlaufstelle f\u00fcr digitale konzeptuelle Literatur werden und die Diskussion \u00fcber diese Literaturform in Deutschland anregen.<!--more--><\/p>\n<p>Was ist das Digitale? Ein gro\u00dfes Versprechen: Alles ist Text. Bilder, T\u00f6ne, Filme sind Text. Sogar Text ist Text. Denn nicht er selbst ist schon das letzte Wort, sondern nur Wellenschlag eines submarinen Zeichensystems. Bereits das Wort &#8222;Wort&#8220; ist eine Ebene tiefer, hexadezimal, als 57 6F 72 74 codiert und wieder darunter, bin\u00e4r, als 01010111 01101111 01110010 01110100.<\/p>\n<p>Das Digitale hat den Text verdoppelt. Er ist Schrift und Aktion. Man kann Text lesen und ausf\u00fchren. Im Digitalen ist der Text zugleich Tat und Gedanke.<\/p>\n<p>0x0a ist der Hexadezimalcode f\u00fcr den &#8222;line feed&#8220;. Es ist das Steuerzeichen, das in einem digitalen Text den Zeilenumbruch veranlasst. Als Befehl sieht man seine Auswirkung, aber als Zeichen existiert es nur unterhalb des sichtbaren Textes. Steuerzeichen, das hei\u00dft: Anweisung und Aktion, nicht Buchstabe und Symbol. Man kann es nicht aussprechen, weil es Tat ist; schreiben kann man es nicht auf Papier. Ein Steuerzeichen kann nur digital existieren.<\/p>\n<p>Das Digitale Literatur ist etwas anderes als digitalisierte Literatur. Man kann zwischen dem Digitalen und dem Analogen \u00fcbersetzen, aber jede \u00dcbersetzung ist Verlust und Bereicherung, Interpretation und Verf\u00e4lschung. So wie jedes Medium seine eigene Wirklichkeit schafft, schafft auch das Digitale seine Realit\u00e4t. Das Digitale hat eine andere Wirklichkeit als das Analoge.<\/p>\n<p>Digitale Literatur ist etwas, in dem die Ver\u00e4nderung der Weltwahrnehmung durch das Digitale \u00fcberhaupt Darstellung findet. Denn wo das Digitale andere Wirklichkeiten produziert, produziert es auch andere Erfahrungen. Aber weil der Text im Digitalen nicht nur Beschreibungen liefern kann, sondern auch Tat ist, k\u00f6nnen sich diese Erfahrungen nicht nur beschreibend, sondern auch performativ \u00e4u\u00dfern. Ein Text, in dem Figuren Computer benutzen ist kein Digitaler Text. Ein digital hergestellter Text, der seine Produktionsbedingungen reflektiert, ist es. Die Erfahrung des Digitalen muss kein blo\u00dfes Beschreiben sein. Die Erfahrung des Digitalen dr\u00fcckt sich auf anderen Ebenen aus, auf der der Verfertigung, der Distribution, der Iteration, der Kombination, des Immateriellen.<\/p>\n<p>0x0a erforscht die M\u00f6glichkeiten von Text im Digitalen.<\/p>","protected":false},"excerpt":{"rendered":"<p>0x0a ist ein Textkollektiv f\u00fcr Digitale Literatur, bestehend aus Gregor Weichbrodt\u00a0und Hannes Bajohr. 0x0a ist der Hexcode f\u00fcr den Zeilenumbruch. Es ist ein Zeichen, das es im Analogen nicht gibt, nicht gesprochen werden kann und nur als &#8222;Steuerzeichen&#8220; existiert \u2013 und damit ideales Symbol f\u00fcr den Versuch, genuin Digitale Literatur zu produzieren. 0x0a soll ein [&hellip;]<\/p>\n","protected":false},"author":1,"featured_media":0,"parent":0,"menu_order":0,"comment_status":"open","ping_status":"open","template":"","meta":[],"acf":[],"_links":{"self":[{"href":"https:\/\/0x0a.li\/de\/wp-json\/wp\/v2\/pages\/37"}],"collection":[{"href":"https:\/\/0x0a.li\/de\/wp-json\/wp\/v2\/pages"}],"about":[{"href":"https:\/\/0x0a.li\/de\/wp-json\/wp\/v2\/types\/page"}],"author":[{"embeddable":true,"href":"https:\/\/0x0a.li\/de\/wp-json\/wp\/v2\/users\/1"}],"replies":[{"embeddable":true,"href":"https:\/\/0x0a.li\/de\/wp-json\/wp\/v2\/comments?post=37"}],"version-history":[{"count":14,"href":"https:\/\/0x0a.li\/de\/wp-json\/wp\/v2\/pages\/37\/revisions"}],"predecessor-version":[{"id":995,"href":"https:\/\/0x0a.li\/de\/wp-json\/wp\/v2\/pages\/37\/revisions\/995"}],"wp:attachment":[{"href":"https:\/\/0x0a.li\/de\/wp-json\/wp\/v2\/media?parent=37"}],"curies":[{"name":"wp","href":"https:\/\/api.w.org\/{rel}","templated":true}]}}